{"id":637,"date":"2024-09-05T12:31:30","date_gmt":"2024-09-05T12:31:30","guid":{"rendered":"https:\/\/rwp.blamsterwebservices.com\/?page_id=637"},"modified":"2024-12-23T17:06:05","modified_gmt":"2024-12-23T17:06:05","slug":"imprint","status":"publish","type":"page","link":"https:\/\/www.ramsteinwashpark.com\/de\/imprint\/","title":{"rendered":"Imprint"},"content":{"rendered":"\t\t<div data-elementor-type=\"wp-page\" data-elementor-id=\"637\" class=\"elementor elementor-637\" data-elementor-post-type=\"page\">\n\t\t\t\t<div class=\"elementor-element elementor-element-7f92d55 e-con-full e-flex e-con e-parent\" data-id=\"7f92d55\" data-element_type=\"container\">\n\t\t\t\t<div class=\"elementor-element elementor-element-419ff8f elementor-widget elementor-widget-text-editor\" data-id=\"419ff8f\" data-element_type=\"widget\" data-widget_type=\"text-editor.default\">\n\t\t\t\t<div class=\"elementor-widget-container\">\n\t\t\t\t\t\t\t<p><strong>Impressum<\/strong><br \/>Ramstein Used Cars OHG<br \/>Inhaber: David Quinlan<br \/>Im Haderwald 17<br \/>67661 Kaiserslautern<\/p><p>Telefon: 096419299699<\/p><p>awp@ramsteinusedcars.com<br \/>https:\/\/www.ramsteinwashpark.com\/<\/p><p>USt.-ID-Nr.: DE311477030<\/p><p>Berufshaftpflichtversicherung:<\/p><p>Condor<br \/>Raiffeisenplatz 1<br \/>65189 Wiesbaden<br \/>Der r\u00e4umliche Geltungsbereich des Versicherungsschutzes umfasst T\u00e4tigkeiten in Autowaschpark.<\/p><p>Die Europ\u00e4ische Kommission stellt eine Plattform zur Online-Streitbeilegung (OS) bereit, die Sie hier finden https:\/\/ec.europa.eu\/consumers\/odr\/. Zur Teilnahme an einem Streitbeilegungsverfahren vor einer Verbraucherschlichtungsstelle sind wir nicht verpflichtet und nicht bereit.<\/p>\t\t\t\t\t\t<\/div>\n\t\t\t\t<\/div>\n\t\t\t\t<\/div>\n\t\t\t\t<\/div>\n\t\t","protected":false},"excerpt":{"rendered":"<p>ImpressumRamstein Used Cars OHGInhaber: David QuinlanIm Haderwald 1767661 Kaiserslautern Telefon: 096419299699 awp@ramsteinusedcars.comhttps:\/\/www.ramsteinwashpark.com\/ USt.-ID-Nr.: DE311477030 Berufshaftpflichtversicherung: CondorRaiffeisenplatz 165189 WiesbadenDer r\u00e4umliche Geltungsbereich des Versicherungsschutzes umfasst T\u00e4tigkeiten in Autowaschpark. Die Europ\u00e4ische Kommission stellt eine Plattform zur Online-Streitbeilegung (OS) bereit, die Sie hier finden https:\/\/ec.europa.eu\/consumers\/odr\/. Zur Teilnahme an einem Streitbeilegungsverfahren vor einer Verbraucherschlichtungsstelle sind wir nicht verpflichtet und nicht [&hellip;]<\/p>\n","protected":false},"author":1,"featured_media":0,"parent":0,"menu_order":0,"comment_status":"closed","ping_status":"closed","template":"elementor_header_footer","meta":{"footnotes":""},"class_list":["post-637","page","type-page","status-publish","hentry"],"_links":{"self":[{"href":"https:\/\/www.ramsteinwashpark.com\/de\/wp-json\/wp\/v2\/pages\/637","targetHints":{"allow":["GET"]}}],"collection":[{"href":"https:\/\/www.ramsteinwashpark.com\/de\/wp-json\/wp\/v2\/pages"}],"about":[{"href":"https:\/\/www.ramsteinwashpark.com\/de\/wp-json\/wp\/v2\/types\/page"}],"author":[{"embeddable":true,"href":"https:\/\/www.ramsteinwashpark.com\/de\/wp-json\/wp\/v2\/users\/1"}],"replies":[{"embeddable":true,"href":"https:\/\/www.ramsteinwashpark.com\/de\/wp-json\/wp\/v2\/comments?post=637"}],"version-history":[{"count":10,"href":"https:\/\/www.ramsteinwashpark.com\/de\/wp-json\/wp\/v2\/pages\/637\/revisions"}],"predecessor-version":[{"id":739,"href":"https:\/\/www.ramsteinwashpark.com\/de\/wp-json\/wp\/v2\/pages\/637\/revisions\/739"}],"wp:attachment":[{"href":"https:\/\/www.ramsteinwashpark.com\/de\/wp-json\/wp\/v2\/media?parent=637"}],"curies":[{"name":"wp","href":"https:\/\/api.w.org\/{rel}","templated":true}]}}