{"id":573,"date":"2024-09-05T11:02:42","date_gmt":"2024-09-05T11:02:42","guid":{"rendered":"https:\/\/rwp.blamsterwebservices.com\/?page_id=573"},"modified":"2024-09-06T09:13:30","modified_gmt":"2024-09-06T09:13:30","slug":"wohnung","status":"publish","type":"page","link":"https:\/\/www.ramsteinwashpark.com\/de\/wohnung\/","title":{"rendered":"Wohnung"},"content":{"rendered":"\t\t<div data-elementor-type=\"wp-page\" data-elementor-id=\"573\" class=\"elementor elementor-573\" data-elementor-post-type=\"page\">\n\t\t\t\t<div class=\"elementor-element elementor-element-58a85d7 e-con-full e-flex e-con e-parent\" data-id=\"58a85d7\" data-element_type=\"container\">\n\t\t<div class=\"elementor-element elementor-element-7312679 e-con-full e-flex e-con e-child\" data-id=\"7312679\" data-element_type=\"container\" data-settings=\"{&quot;background_background&quot;:&quot;classic&quot;}\">\n\t\t\t\t<\/div>\n\t\t<div class=\"elementor-element elementor-element-a8a12ce e-con-full e-flex e-con e-child\" data-id=\"a8a12ce\" data-element_type=\"container\">\n\t\t\t\t<div class=\"elementor-element elementor-element-df87b05 elementor-widget elementor-widget-heading\" data-id=\"df87b05\" data-element_type=\"widget\" data-widget_type=\"heading.default\">\n\t\t\t\t<div class=\"elementor-widget-container\">\n\t\t\t<h2 class=\"elementor-heading-title elementor-size-default\">\u00dcbernachtung gesucht?<\/h2>\t\t<\/div>\n\t\t\t\t<\/div>\n\t\t\t\t<div class=\"elementor-element elementor-element-898c11f elementor-widget elementor-widget-text-editor\" data-id=\"898c11f\" data-element_type=\"widget\" data-widget_type=\"text-editor.default\">\n\t\t\t\t<div class=\"elementor-widget-container\">\n\t\t\t\t\t\t\t<p>Wir bieten dir ein hochmodernes Apartment direkt gegen\u00fcber dem Gate 6 des Truppen\u00fcbungsplatzes!<\/p><p>Egal ob f\u00fcr eine Nacht, oder mehrere Wochen. Bei uns kannst du dich ganz wie Zuhause f\u00fchlen!<\/p>\t\t\t\t\t\t<\/div>\n\t\t\t\t<\/div>\n\t\t\t\t<div class=\"elementor-element elementor-element-362566c elementor-align-center elementor-widget elementor-widget-button\" data-id=\"362566c\" data-element_type=\"widget\" data-widget_type=\"button.default\">\n\t\t\t\t<div class=\"elementor-widget-container\">\n\t\t\t\t\t<div class=\"elementor-button-wrapper\">\n\t\t\t<a class=\"elementor-button elementor-button-link elementor-size-sm\" href=\"https:\/\/www.airbnb.com\/rooms\/53948196\" target=\"_blank\">\n\t\t\t\t\t\t<span class=\"elementor-button-content-wrapper\">\n\t\t\t\t\t\t\t\t\t<span class=\"elementor-button-text\">Auf AirBnb Ansehen<\/span>\n\t\t\t\t\t<\/span>\n\t\t\t\t\t<\/a>\n\t\t<\/div>\n\t\t\t\t<\/div>\n\t\t\t\t<\/div>\n\t\t\t\t<\/div>\n\t\t\t\t<\/div>\n\t\t\t\t<\/div>\n\t\t","protected":false},"excerpt":{"rendered":"<p>\u00dcbernachtung gesucht? Wir bieten dir ein hochmodernes Apartment direkt gegen\u00fcber dem Gate 6 des Truppen\u00fcbungsplatzes! Egal ob f\u00fcr eine Nacht, oder mehrere Wochen. Bei uns kannst du dich ganz wie Zuhause f\u00fchlen! Auf AirBnb Ansehen<\/p>\n","protected":false},"author":1,"featured_media":0,"parent":0,"menu_order":0,"comment_status":"closed","ping_status":"closed","template":"elementor_header_footer","meta":{"footnotes":""},"class_list":["post-573","page","type-page","status-publish","hentry"],"_links":{"self":[{"href":"https:\/\/www.ramsteinwashpark.com\/de\/wp-json\/wp\/v2\/pages\/573","targetHints":{"allow":["GET"]}}],"collection":[{"href":"https:\/\/www.ramsteinwashpark.com\/de\/wp-json\/wp\/v2\/pages"}],"about":[{"href":"https:\/\/www.ramsteinwashpark.com\/de\/wp-json\/wp\/v2\/types\/page"}],"author":[{"embeddable":true,"href":"https:\/\/www.ramsteinwashpark.com\/de\/wp-json\/wp\/v2\/users\/1"}],"replies":[{"embeddable":true,"href":"https:\/\/www.ramsteinwashpark.com\/de\/wp-json\/wp\/v2\/comments?post=573"}],"version-history":[{"count":13,"href":"https:\/\/www.ramsteinwashpark.com\/de\/wp-json\/wp\/v2\/pages\/573\/revisions"}],"predecessor-version":[{"id":698,"href":"https:\/\/www.ramsteinwashpark.com\/de\/wp-json\/wp\/v2\/pages\/573\/revisions\/698"}],"wp:attachment":[{"href":"https:\/\/www.ramsteinwashpark.com\/de\/wp-json\/wp\/v2\/media?parent=573"}],"curies":[{"name":"wp","href":"https:\/\/api.w.org\/{rel}","templated":true}]}}