{"id":439,"date":"2024-09-04T10:59:10","date_gmt":"2024-09-04T10:59:10","guid":{"rendered":"https:\/\/rwp.blamsterwebservices.com\/?page_id=439"},"modified":"2024-09-06T09:23:29","modified_gmt":"2024-09-06T09:23:29","slug":"autoreinigung","status":"publish","type":"page","link":"https:\/\/www.ramsteinwashpark.com\/de\/autoreinigung\/","title":{"rendered":"Autoreinigung"},"content":{"rendered":"\t\t<div data-elementor-type=\"wp-page\" data-elementor-id=\"439\" class=\"elementor elementor-439\" data-elementor-post-type=\"page\">\n\t\t\t\t<div class=\"elementor-element elementor-element-c5c1e9f e-con-full e-flex e-con e-parent\" data-id=\"c5c1e9f\" data-element_type=\"container\">\n\t\t<div class=\"elementor-element elementor-element-1955136 e-con-full e-flex e-con e-child\" data-id=\"1955136\" data-element_type=\"container\">\n\t\t\t\t<div class=\"elementor-element elementor-element-df536eb elementor-widget elementor-widget-heading\" data-id=\"df536eb\" data-element_type=\"widget\" data-widget_type=\"heading.default\">\n\t\t\t\t<div class=\"elementor-widget-container\">\n\t\t\t<h2 class=\"elementor-heading-title elementor-size-default\">Autoreinigung<\/h2>\t\t<\/div>\n\t\t\t\t<\/div>\n\t\t\t\t<div class=\"elementor-element elementor-element-f77968d elementor-widget elementor-widget-text-editor\" data-id=\"f77968d\" data-element_type=\"widget\" data-widget_type=\"text-editor.default\">\n\t\t\t\t<div class=\"elementor-widget-container\">\n\t\t\t\t\t\t\t<p>Wir sind spezialisiert auf Shipping \/ PCs\u00b4- Detailing<\/p><p>PKW ab<strong> 299\u20ac<\/strong><br \/>SUV ab <strong>449\u20ac<\/strong><br \/>Transporter und gro\u00dfe Autos ab <strong>600\u20ac<\/strong><\/p><p><em>Einzelpreise f\u00fcr Fahrzeuge in gutem Zustand<\/em><\/p>\t\t\t\t\t\t<\/div>\n\t\t\t\t<\/div>\n\t\t\t\t<div class=\"elementor-element elementor-element-e2a81d5 elementor-align-center elementor-widget elementor-widget-button\" data-id=\"e2a81d5\" data-element_type=\"widget\" data-widget_type=\"button.default\">\n\t\t\t\t<div class=\"elementor-widget-container\">\n\t\t\t\t\t<div class=\"elementor-button-wrapper\">\n\t\t\t<a class=\"elementor-button elementor-button-link elementor-size-sm\" href=\"https:\/\/calendly.com\/awp-booking\/cardetailing\" target=\"_blank\">\n\t\t\t\t\t\t<span class=\"elementor-button-content-wrapper\">\n\t\t\t\t\t\t\t\t\t<span class=\"elementor-button-text\">Jetzt Buchen<\/span>\n\t\t\t\t\t<\/span>\n\t\t\t\t\t<\/a>\n\t\t<\/div>\n\t\t\t\t<\/div>\n\t\t\t\t<\/div>\n\t\t\t\t<\/div>\n\t\t<div class=\"elementor-element elementor-element-578ac11 e-con-full e-flex e-con e-child\" data-id=\"578ac11\" data-element_type=\"container\" data-settings=\"{&quot;background_background&quot;:&quot;classic&quot;}\">\n\t\t\t\t<\/div>\n\t\t\t\t<\/div>\n\t\t<div class=\"elementor-element elementor-element-b8b55b7 e-flex e-con-boxed elementor-invisible e-con e-parent\" data-id=\"b8b55b7\" data-element_type=\"container\" data-settings=\"{&quot;background_background&quot;:&quot;classic&quot;,&quot;animation&quot;:&quot;fadeIn&quot;}\">\n\t\t\t\t\t<div class=\"e-con-inner\">\n\t\t<div class=\"elementor-element elementor-element-f6008af e-con-full e-flex e-con e-child\" data-id=\"f6008af\" data-element_type=\"container\">\n\t\t\t\t<div class=\"elementor-element elementor-element-0dcc44b elementor-invisible elementor-widget elementor-widget-heading\" data-id=\"0dcc44b\" data-element_type=\"widget\" data-settings=\"{&quot;_animation&quot;:&quot;fadeIn&quot;}\" data-widget_type=\"heading.default\">\n\t\t\t\t<div class=\"elementor-widget-container\">\n\t\t\t<h2 class=\"elementor-heading-title elementor-size-default\">Unser Angebot f\u00fcr Autoh\u00e4user<\/h2>\t\t<\/div>\n\t\t\t\t<\/div>\n\t\t\t\t<div class=\"elementor-element elementor-element-59ce4bf elementor-invisible elementor-widget elementor-widget-heading\" data-id=\"59ce4bf\" data-element_type=\"widget\" data-settings=\"{&quot;_animation&quot;:&quot;fadeIn&quot;}\" data-widget_type=\"heading.default\">\n\t\t\t\t<div class=\"elementor-widget-container\">\n\t\t\t<h2 class=\"elementor-heading-title elementor-size-default\">Wir bieten f\u00fcr Autoh\u00e4user, Autoh\u00e4ndle und Gewerbekunden einen neuen Service an<\/h2>\t\t<\/div>\n\t\t\t\t<\/div>\n\t\t\t\t<div class=\"elementor-element elementor-element-3d36758 elementor-widget elementor-widget-text-editor\" data-id=\"3d36758\" data-element_type=\"widget\" data-widget_type=\"text-editor.default\">\n\t\t\t\t<div class=\"elementor-widget-container\">\n\t\t\t\t\t\t\t<p>Sie haben ein Auto verkauft und wollen es f\u00fcr ihren Kunden zur Auslieferung vorbereiten?<br \/>Sie haben ein Auto von einem Ihrer Kunden angekauft und wollen es f\u00fcr den Verkauf aufbereiten?<\/p><p>Buchen Sie jetzt unseren AWP-CarSaler-Service und \u00fcberzeugen Sie sich selbst!<\/p>\t\t\t\t\t\t<\/div>\n\t\t\t\t<\/div>\n\t\t\t\t<div class=\"elementor-element elementor-element-a860ec8 elementor-align-left elementor-widget elementor-widget-button\" data-id=\"a860ec8\" data-element_type=\"widget\" data-widget_type=\"button.default\">\n\t\t\t\t<div class=\"elementor-widget-container\">\n\t\t\t\t\t<div class=\"elementor-button-wrapper\">\n\t\t\t<a class=\"elementor-button elementor-button-link elementor-size-sm\" href=\"https:\/\/calendly.com\/awp-carsaler-service\/50europerh\" target=\"_blank\">\n\t\t\t\t\t\t<span class=\"elementor-button-content-wrapper\">\n\t\t\t\t\t\t\t\t\t<span class=\"elementor-button-text\">Jetzt buchen f\u00fcr \u20ac50 pro Stunde<\/span>\n\t\t\t\t\t<\/span>\n\t\t\t\t\t<\/a>\n\t\t<\/div>\n\t\t\t\t<\/div>\n\t\t\t\t<\/div>\n\t\t\t\t<\/div>\n\t\t<div class=\"elementor-element elementor-element-64903a5 e-con-full e-flex e-con e-child\" data-id=\"64903a5\" data-element_type=\"container\">\n\t\t\t\t<\/div>\n\t\t\t\t\t<\/div>\n\t\t\t\t<\/div>\n\t\t<div class=\"elementor-element elementor-element-390fa2c e-con-full e-flex e-con e-parent\" data-id=\"390fa2c\" data-element_type=\"container\">\n\t\t<div class=\"elementor-element elementor-element-96533ca e-con-full e-flex e-con e-child\" data-id=\"96533ca\" data-element_type=\"container\" data-settings=\"{&quot;background_background&quot;:&quot;classic&quot;}\">\n\t\t\t\t<\/div>\n\t\t<div class=\"elementor-element elementor-element-736f8a3 e-con-full e-flex e-con e-child\" data-id=\"736f8a3\" data-element_type=\"container\">\n\t\t\t\t<div class=\"elementor-element elementor-element-48d1ba0 elementor-widget elementor-widget-heading\" data-id=\"48d1ba0\" data-element_type=\"widget\" data-widget_type=\"heading.default\">\n\t\t\t\t<div class=\"elementor-widget-container\">\n\t\t\t<h2 class=\"elementor-heading-title elementor-size-default\">Unsere Autoreinigungspakete<\/h2>\t\t<\/div>\n\t\t\t\t<\/div>\n\t\t\t\t<div class=\"elementor-element elementor-element-7c45248 elementor-widget elementor-widget-text-editor\" data-id=\"7c45248\" data-element_type=\"widget\" data-widget_type=\"text-editor.default\">\n\t\t\t\t<div class=\"elementor-widget-container\">\n\t\t\t\t\t\t\t<p>Wir bieten unseren Kunden einen individuellen Autoreinigungsservice, denn jedes Auto ist anders und braucht unterschiedliche Reinigungsarbeiten.<\/p><p>zur Orientierung bieten wir euch folgende Pakete<\/p>\t\t\t\t\t\t<\/div>\n\t\t\t\t<\/div>\n\t\t\t\t<div class=\"elementor-element elementor-element-b9e1691 elementor-align-center elementor-widget elementor-widget-button\" data-id=\"b9e1691\" data-element_type=\"widget\" data-widget_type=\"button.default\">\n\t\t\t\t<div class=\"elementor-widget-container\">\n\t\t\t\t\t<div class=\"elementor-button-wrapper\">\n\t\t\t<a class=\"elementor-button elementor-button-link elementor-size-sm\" href=\"https:\/\/calendly.com\/awp-booking\/cardetailing\" target=\"_blank\">\n\t\t\t\t\t\t<span class=\"elementor-button-content-wrapper\">\n\t\t\t\t\t\t\t\t\t<span class=\"elementor-button-text\">Jetzt Buchen<\/span>\n\t\t\t\t\t<\/span>\n\t\t\t\t\t<\/a>\n\t\t<\/div>\n\t\t\t\t<\/div>\n\t\t\t\t<\/div>\n\t\t\t\t<\/div>\n\t\t\t\t<\/div>\n\t\t<div class=\"elementor-element elementor-element-9fc11af e-con-full e-flex e-con e-parent\" data-id=\"9fc11af\" data-element_type=\"container\">\n\t\t<div class=\"elementor-element elementor-element-8159d84 e-con-full e-flex e-con e-child\" data-id=\"8159d84\" data-element_type=\"container\" data-settings=\"{&quot;background_background&quot;:&quot;classic&quot;}\">\n\t\t\t\t<div class=\"elementor-element elementor-element-92ba2a4 elementor-widget elementor-widget-heading\" data-id=\"92ba2a4\" data-element_type=\"widget\" data-widget_type=\"heading.default\">\n\t\t\t\t<div class=\"elementor-widget-container\">\n\t\t\t<h2 class=\"elementor-heading-title elementor-size-default\">Grundreinigung<\/h2>\t\t<\/div>\n\t\t\t\t<\/div>\n\t\t\t\t<div class=\"elementor-element elementor-element-ea3c846 elementor-widget elementor-widget-text-editor\" data-id=\"ea3c846\" data-element_type=\"widget\" data-widget_type=\"text-editor.default\">\n\t\t\t\t<div class=\"elementor-widget-container\">\n\t\t\t\t\t\t\t<p class=\"text-align-center\">Einfach mal wieder Grundreinigen f\u00fcr ein frisches Autogef\u00fchl:<br \/><strong>Vorreinigung per Hand:<\/strong><\/p><ul><li>Einstigsleisten<\/li><li>Fahrzeugfront<\/li><li>Heck<\/li><li>R\u00e4der<\/li><\/ul><p class=\"text-align-center\"><strong>Premium Autow\u00e4sche<br \/>Innenreinigung:<\/strong><\/p><ul><li>Staubsaugerarbeiten<\/li><li>Cockpitreinigung<\/li><li>Grobe Reinigung der Sitze<\/li><li>Glasreinigung<\/li><\/ul>\t\t\t\t\t\t<\/div>\n\t\t\t\t<\/div>\n\t\t\t\t<div class=\"elementor-element elementor-element-e1de3d4 elementor-align-justify elementor-widget elementor-widget-button\" data-id=\"e1de3d4\" data-element_type=\"widget\" data-widget_type=\"button.default\">\n\t\t\t\t<div class=\"elementor-widget-container\">\n\t\t\t\t\t<div class=\"elementor-button-wrapper\">\n\t\t\t<a class=\"elementor-button elementor-button-link elementor-size-sm\" href=\"https:\/\/calendly.com\/awp-booking\/cardetailing\" target=\"_blank\">\n\t\t\t\t\t\t<span class=\"elementor-button-content-wrapper\">\n\t\t\t\t\t\t\t\t\t<span class=\"elementor-button-text\">ab \u20ac400<\/span>\n\t\t\t\t\t<\/span>\n\t\t\t\t\t<\/a>\n\t\t<\/div>\n\t\t\t\t<\/div>\n\t\t\t\t<\/div>\n\t\t\t\t<\/div>\n\t\t<div class=\"elementor-element elementor-element-9d9c2d0 e-con-full e-flex e-con e-child\" data-id=\"9d9c2d0\" data-element_type=\"container\" data-settings=\"{&quot;background_background&quot;:&quot;classic&quot;}\">\n\t\t\t\t<div class=\"elementor-element elementor-element-1abadf8 elementor-widget elementor-widget-heading\" data-id=\"1abadf8\" data-element_type=\"widget\" data-widget_type=\"heading.default\">\n\t\t\t\t<div class=\"elementor-widget-container\">\n\t\t\t<h2 class=\"elementor-heading-title elementor-size-default\">AWP-Aufbereitung<\/h2>\t\t<\/div>\n\t\t\t\t<\/div>\n\t\t\t\t<div class=\"elementor-element elementor-element-4b6449c elementor-widget elementor-widget-text-editor\" data-id=\"4b6449c\" data-element_type=\"widget\" data-widget_type=\"text-editor.default\">\n\t\t\t\t<div class=\"elementor-widget-container\">\n\t\t\t\t\t\t\t<p class=\"text-align-center\">Unsere Hausreinigung,<br \/>einfach das beste:<br \/><br \/><strong>Vorreinigung per Hand:<\/strong><\/p><ul><li>Motorw\u00e4sche<\/li><li>T\u00fcr + Kofferraum-Falze<\/li><li>Felgen + Radk\u00e4sten<\/li><li>Schweller<\/li><li>Flugrostentfernung<\/li><\/ul><p class=\"text-align-center\"><strong>Premium Autow\u00e4sche\u00a0<br \/>Innenreinigung:<\/strong><\/p><ul><li>Teppich und Sitzreinigung<\/li><li>T\u00fcrenverkleidung<\/li><li>Cockpit<\/li><li>Glasreinigung<\/li><li>Dachhimmel<\/li><\/ul><p class=\"text-align-center\"><strong>Fahrzeugtrocknung per Hand<br \/>Lackpflege mit Velox Shine<\/strong><\/p>\t\t\t\t\t\t<\/div>\n\t\t\t\t<\/div>\n\t\t\t\t<div class=\"elementor-element elementor-element-95c1c11 elementor-align-justify elementor-widget elementor-widget-button\" data-id=\"95c1c11\" data-element_type=\"widget\" data-widget_type=\"button.default\">\n\t\t\t\t<div class=\"elementor-widget-container\">\n\t\t\t\t\t<div class=\"elementor-button-wrapper\">\n\t\t\t<a class=\"elementor-button elementor-button-link elementor-size-sm\" href=\"https:\/\/calendly.com\/awp-booking\/cardetailing\" target=\"_blank\">\n\t\t\t\t\t\t<span class=\"elementor-button-content-wrapper\">\n\t\t\t\t\t\t\t\t\t<span class=\"elementor-button-text\">ab \u20ac500<\/span>\n\t\t\t\t\t<\/span>\n\t\t\t\t\t<\/a>\n\t\t<\/div>\n\t\t\t\t<\/div>\n\t\t\t\t<\/div>\n\t\t\t\t<\/div>\n\t\t<div class=\"elementor-element elementor-element-91fba31 e-con-full e-flex e-con e-child\" data-id=\"91fba31\" data-element_type=\"container\" data-settings=\"{&quot;background_background&quot;:&quot;classic&quot;}\">\n\t\t\t\t<div class=\"elementor-element elementor-element-9e36870 elementor-widget elementor-widget-heading\" data-id=\"9e36870\" data-element_type=\"widget\" data-widget_type=\"heading.default\">\n\t\t\t\t<div class=\"elementor-widget-container\">\n\t\t\t<h2 class=\"elementor-heading-title elementor-size-default\">Polierung-Paket<\/h2>\t\t<\/div>\n\t\t\t\t<\/div>\n\t\t\t\t<div class=\"elementor-element elementor-element-906acf0 elementor-widget elementor-widget-text-editor\" data-id=\"906acf0\" data-element_type=\"widget\" data-widget_type=\"text-editor.default\">\n\t\t\t\t<div class=\"elementor-widget-container\">\n\t\t\t\t\t\t\t<p class=\"text-align-center\">Zeit zu Gl\u00e4nzen<br \/>Lackpflege und Schutz<br \/><br \/><strong>Vorreinigung per Hand:<\/strong><\/p><ul><li>Gr\u00fcndliche Lackreinigung\u00a0<\/li><li>Entfernung von Flugrost<\/li><li>Insektenr\u00fcckst\u00e4nde<\/li><\/ul><p class=\"text-align-center\"><strong>Premium Autow\u00e4sche<br \/>Innenreinigung auf Wunsch<br \/>Lackaufbereitung:<\/strong><\/p><ul><li>Lackpreparation<\/li><li>Polierung mit Schleifpaste<\/li><li>Lackentfettung<\/li><li>Polierung\u00a0<\/li><li>Versiegelung\u00a0<\/li><\/ul><p class=\"text-align-center\"><strong>Versiegelung mit Carnaubawax, Keramik, oder Keramik-Wachs-Beschichtung<\/strong><\/p>\t\t\t\t\t\t<\/div>\n\t\t\t\t<\/div>\n\t\t\t\t<div class=\"elementor-element elementor-element-660df5f elementor-align-justify elementor-widget elementor-widget-button\" data-id=\"660df5f\" data-element_type=\"widget\" data-widget_type=\"button.default\">\n\t\t\t\t<div class=\"elementor-widget-container\">\n\t\t\t\t\t<div class=\"elementor-button-wrapper\">\n\t\t\t<a class=\"elementor-button elementor-button-link elementor-size-sm\" href=\"https:\/\/calendly.com\/awp-booking\/cardetailing\" target=\"_blank\">\n\t\t\t\t\t\t<span class=\"elementor-button-content-wrapper\">\n\t\t\t\t\t\t\t\t\t<span class=\"elementor-button-text\">ab \u20ac750<\/span>\n\t\t\t\t\t<\/span>\n\t\t\t\t\t<\/a>\n\t\t<\/div>\n\t\t\t\t<\/div>\n\t\t\t\t<\/div>\n\t\t\t\t<\/div>\n\t\t\t\t<\/div>\n\t\t<div class=\"elementor-element elementor-element-75540da e-con-full e-flex e-con e-parent\" data-id=\"75540da\" data-element_type=\"container\" data-settings=\"{&quot;background_background&quot;:&quot;classic&quot;}\">\n\t\t\t\t<div class=\"elementor-element elementor-element-2a80717 elementor-invisible elementor-widget elementor-widget-heading\" data-id=\"2a80717\" data-element_type=\"widget\" data-settings=\"{&quot;_animation&quot;:&quot;fadeIn&quot;}\" data-widget_type=\"heading.default\">\n\t\t\t\t<div class=\"elementor-widget-container\">\n\t\t\t<h2 class=\"elementor-heading-title elementor-size-default\">Versiegelungen<\/h2>\t\t<\/div>\n\t\t\t\t<\/div>\n\t\t\t\t<div class=\"elementor-element elementor-element-e571017 elementor-pagination-type-bullets elementor-arrows-position-inside elementor-pagination-position-outside elementor-widget elementor-widget-loop-carousel\" data-id=\"e571017\" data-element_type=\"widget\" data-settings=\"{&quot;template_id&quot;:504,&quot;slides_to_show&quot;:&quot;1&quot;,&quot;_skin&quot;:&quot;post&quot;,&quot;slides_to_show_tablet&quot;:&quot;2&quot;,&quot;slides_to_show_mobile&quot;:&quot;1&quot;,&quot;slides_to_scroll&quot;:&quot;1&quot;,&quot;edit_handle_selector&quot;:&quot;.elementor-widget-container&quot;,&quot;autoplay&quot;:&quot;yes&quot;,&quot;autoplay_speed&quot;:5000,&quot;pause_on_hover&quot;:&quot;yes&quot;,&quot;pause_on_interaction&quot;:&quot;yes&quot;,&quot;infinite&quot;:&quot;yes&quot;,&quot;speed&quot;:500,&quot;offset_sides&quot;:&quot;none&quot;,&quot;arrows&quot;:&quot;yes&quot;,&quot;pagination&quot;:&quot;bullets&quot;,&quot;image_spacing_custom&quot;:{&quot;unit&quot;:&quot;px&quot;,&quot;size&quot;:10,&quot;sizes&quot;:[]},&quot;image_spacing_custom_tablet&quot;:{&quot;unit&quot;:&quot;px&quot;,&quot;size&quot;:&quot;&quot;,&quot;sizes&quot;:[]},&quot;image_spacing_custom_mobile&quot;:{&quot;unit&quot;:&quot;px&quot;,&quot;size&quot;:&quot;&quot;,&quot;sizes&quot;:[]}}\" data-widget_type=\"loop-carousel.post\">\n\t\t\t\t<div class=\"elementor-widget-container\">\n\t\t\t\t\t<div class=\"e-loop-nothing-found-message\">\n\t\t<\/div>\n\t\t\t\t<\/div>\n\t\t\t\t<\/div>\n\t\t\t\t<div class=\"elementor-element elementor-element-4125a82 elementor-align-center elementor-widget elementor-widget-button\" data-id=\"4125a82\" data-element_type=\"widget\" data-widget_type=\"button.default\">\n\t\t\t\t<div class=\"elementor-widget-container\">\n\t\t\t\t\t<div class=\"elementor-button-wrapper\">\n\t\t\t<a class=\"elementor-button elementor-button-link elementor-size-sm\" href=\"\/kontakt\/\">\n\t\t\t\t\t\t<span class=\"elementor-button-content-wrapper\">\n\t\t\t\t\t\t\t\t\t<span class=\"elementor-button-text\">Sie haben Fragen?<\/span>\n\t\t\t\t\t<\/span>\n\t\t\t\t\t<\/a>\n\t\t<\/div>\n\t\t\t\t<\/div>\n\t\t\t\t<\/div>\n\t\t\t\t<\/div>\n\t\t\t\t<\/div>\n\t\t","protected":false},"excerpt":{"rendered":"<p>Autoreinigung Wir sind spezialisiert auf Shipping \/ PCs\u00b4- Detailing PKW ab 299\u20acSUV ab 449\u20acTransporter und gro\u00dfe Autos ab 600\u20ac Einzelpreise f\u00fcr Fahrzeuge in gutem Zustand Jetzt Buchen Unser Angebot f\u00fcr Autoh\u00e4user Wir bieten f\u00fcr Autoh\u00e4user, Autoh\u00e4ndle und Gewerbekunden einen neuen Service an Sie haben ein Auto verkauft und wollen es f\u00fcr ihren Kunden zur Auslieferung [&hellip;]<\/p>\n","protected":false},"author":1,"featured_media":0,"parent":0,"menu_order":0,"comment_status":"closed","ping_status":"closed","template":"elementor_header_footer","meta":{"footnotes":""},"class_list":["post-439","page","type-page","status-publish","hentry"],"_links":{"self":[{"href":"https:\/\/www.ramsteinwashpark.com\/de\/wp-json\/wp\/v2\/pages\/439","targetHints":{"allow":["GET"]}}],"collection":[{"href":"https:\/\/www.ramsteinwashpark.com\/de\/wp-json\/wp\/v2\/pages"}],"about":[{"href":"https:\/\/www.ramsteinwashpark.com\/de\/wp-json\/wp\/v2\/types\/page"}],"author":[{"embeddable":true,"href":"https:\/\/www.ramsteinwashpark.com\/de\/wp-json\/wp\/v2\/users\/1"}],"replies":[{"embeddable":true,"href":"https:\/\/www.ramsteinwashpark.com\/de\/wp-json\/wp\/v2\/comments?post=439"}],"version-history":[{"count":73,"href":"https:\/\/www.ramsteinwashpark.com\/de\/wp-json\/wp\/v2\/pages\/439\/revisions"}],"predecessor-version":[{"id":717,"href":"https:\/\/www.ramsteinwashpark.com\/de\/wp-json\/wp\/v2\/pages\/439\/revisions\/717"}],"wp:attachment":[{"href":"https:\/\/www.ramsteinwashpark.com\/de\/wp-json\/wp\/v2\/media?parent=439"}],"curies":[{"name":"wp","href":"https:\/\/api.w.org\/{rel}","templated":true}]}}